{"id":271,"date":"2024-04-10T14:30:38","date_gmt":"2024-04-10T12:30:38","guid":{"rendered":"https:\/\/gppowerplants.nl\/ueber-uns\/"},"modified":"2024-06-21T11:33:31","modified_gmt":"2024-06-21T09:33:31","slug":"ueber-uns","status":"publish","type":"page","link":"https:\/\/gppowerplants.nl\/de\/ueber-uns\/","title":{"rendered":"\u00fcber uns"},"content":{"rendered":"\n\n    <img decoding=\"async\" src=\"https:\/\/gppowerplants.nl\/wp-content\/uploads\/2024\/05\/gp-powerplants.png\" alt=\"\"\/>\n    <img decoding=\"async\" src=\"https:\/\/gppowerplants.nl\/wp-content\/uploads\/2024\/05\/gp-powerplants.png\" alt=\"\"\/>\n  <!-- Desktop -->\n    <!-- Row 1 -->\n            <img decoding=\"async\" src=\"https:\/\/gppowerplants.nl\/wp-content\/uploads\/2024\/05\/gp-powerplants-over-ons.png\" alt=\"\"\/>\n            <p>Vision &#038; Mission<\/p>\n            <h2>Auge f\u00fcr die Pflanze, Auge f\u00fcr den Kunden.<\/h2>\n            <p>Was passiert, wenn man sich hundertprozentig auf die Qualit\u00e4t der Pflanzen und die W\u00fcnsche des Kunden konzentriert?In der Pflanzenzucht sehen wir, dass Exporteure und G\u00e4rtnereien sich vor allem auf einen marktgerechten Preis konzentrieren. Viele G\u00e4rtnereien setzen daher nicht nur auf Fachleute mit Sachverstand, sondern auch auf Mitarbeitende aus der Welt des Verkaufs.<\/p>\n    <!-- Row 2 -->\n            <h2>Produkte, die sich selbst verkaufen<\/h2>\n            <p>Was w\u00fcrde passieren, wenn wir uns weniger auf den Vertrieb, sondern mehr auf den Aufbau einer guten Kundenbeziehung und die Qualit\u00e4t der Pflanzen konzentrieren w\u00fcrden?GP Powerplants besch\u00e4ftigt mehr Menschen auf dem Feld als Verk\u00e4ufer f\u00fcr die Kunden. Unsere Mitarbeitenden verfolgen den Prozess vom Steckling bis zur ausgereiften Pflanze intensiver als den Verkaufsprozess beim Kunden.Wir glauben, dass sich unsere Produkte von selbst verkaufen, denn wir legen gro\u00dfen Wert auf Pflanzenfreundlichkeit und auf Kundenfreundlichkeit.<strong>Sollen wir uns unterhalten?<\/strong><\/p>\n            <p><a href=\"\/de\/kontakt\/\">Kontakt aufnehmen<\/a><\/p>\n                <h2>Stolzer Z\u00fcchter von Pflanzen, die jeden gl\u00fccklich machen!<\/h2>\n                <a href=\"\/de\/sortiment\/\">Zum Sortiment<\/a>\n          <!-- Large screens -->\n              <!-- Top Right -->\n                <img decoding=\"async\" src=\"https:\/\/gppowerplants.nl\/wp-content\/uploads\/2024\/05\/gp-powerplants-stekjes.png\" alt=\"\"\/>\n              <!-- Center Left -->\n                <img decoding=\"async\" src=\"https:\/\/gppowerplants.nl\/wp-content\/uploads\/2024\/05\/gp-powerplants-team-02.png\" alt=\"\"\/>\n              <!-- Bottom Right -->\n                <h2>Stolzer Z\u00fcchter von Pflanzen, die jeden gl\u00fccklich machen!<\/h2>\n                <a href=\"\/de\/sortiment\/\">Zum Sortiment<\/a>\n          <!-- Middle Screens -->\n              <img decoding=\"async\" src=\"https:\/\/gppowerplants.nl\/wp-content\/uploads\/2024\/05\/gp-powerplants-stekjes.png\" alt=\"\"\/>\n              <img decoding=\"async\" src=\"https:\/\/gppowerplants.nl\/wp-content\/uploads\/2024\/05\/gp-powerplants-team-02.png\" alt=\"\"\/>\n  <!-- Mobile -->\n          <!-- Row 1 Image -->\n            <img decoding=\"async\" src=\"https:\/\/gppowerplants.nl\/wp-content\/uploads\/2024\/05\/gp-powerplants-over-ons.png\" alt=\"\"\/>\n          <!-- Row 1 Info -->\n            <p>Vision &#038; Mission<\/p>\n            <h2>Auge f\u00fcr die Pflanze, Auge f\u00fcr den Kunden.<\/h2>\n            <p>Was passiert, wenn man sich hundertprozentig auf die Qualit\u00e4t der Pflanzen und die W\u00fcnsche des Kunden konzentriert?In der Pflanzenzucht sehen wir, dass Exporteure und G\u00e4rtnereien sich vor allem auf einen marktgerechten Preis konzentrieren. Viele G\u00e4rtnereien setzen daher nicht nur auf Fachleute mit Sachverstand, sondern auch auf Mitarbeitende aus der Welt des Verkaufs.<\/p>\n          <!-- Row 2 Image -->\n            <img decoding=\"async\" src=\"https:\/\/gppowerplants.nl\/wp-content\/uploads\/2024\/05\/gp-powerplants-team-02.png\" alt=\"\"\/>\n          <!-- Row 2 Info -->\n            <h2>Produkte, die sich selbst verkaufen<\/h2>\n            <p>Was w\u00fcrde passieren, wenn wir uns weniger auf den Vertrieb, sondern mehr auf den Aufbau einer guten Kundenbeziehung und die Qualit\u00e4t der Pflanzen konzentrieren w\u00fcrden?GP Powerplants besch\u00e4ftigt mehr Menschen auf dem Feld als Verk\u00e4ufer f\u00fcr die Kunden. Unsere Mitarbeitenden verfolgen den Prozess vom Steckling bis zur ausgereiften Pflanze intensiver als den Verkaufsprozess beim Kunden.Wir glauben, dass sich unsere Produkte von selbst verkaufen, denn wir legen gro\u00dfen Wert auf Pflanzenfreundlichkeit und auf Kundenfreundlichkeit.<strong>Sollen wir uns unterhalten?<\/strong><\/p>\n            <p><a href=\"\/de\/kontakt\/\">Kontakt aufnehmen<\/a><\/p>\n        <!-- Row 2 Card -->\n          <h2>Stolzer Z\u00fcchter von Pflanzen, die jeden gl\u00fccklich machen!<\/h2>\n          <a href=\"\/de\/sortiment\/\">Zum Sortiment<\/a>\n        <img decoding=\"async\" src=\"https:\/\/gppowerplants.nl\/wp-content\/uploads\/2024\/04\/Group-28@2x.png\" alt=\"\"\/>\n            <p>Unsere Garantien<\/p>\n              <h2>Qualit\u00e4t und Garantien, f\u00fcr die wir einstehen<\/h2>\n                <p>GP Powerplants garantiert Zuverl\u00e4ssigkeit und Sorgfalt, mit Liebe zum Detail und Augenmerk f\u00fcr die Qualit\u00e4t. Unsere Fachleute arbeiten schnell und effizient und machen keine Zugest\u00e4ndnisse an die Pflege der Pflanzen. Wir setzen auf Kundenfreundlichkeit und schaffen Raum f\u00fcr den pers\u00f6nlichen Kontakt, um unseren Kunden mit Freude und Professionalit\u00e4t begegnen zu k\u00f6nnen.<\/p>\n                <p><a href=\"\/de\/kontakt\/\">Kontakt aufnehmen<\/a><\/p>\n            <img decoding=\"async\" src=\"https:\/\/gppowerplants.nl\/wp-content\/uploads\/2024\/04\/Group-28@2x.png\" alt=\"\"\/>\n              <h3>\n                Zuverl\u00e4ssig<br \/>\n&#038; zug\u00e4nglich<br \/>\n              <\/h3>\n              <p>Mit Liebe zum Detail und Zufriedenheit \u00fcber jeden neuen Spross einer wachsenden Pflanze. Unsere Mission ist es, so viele Menschen wie m\u00f6glich gl\u00fccklich zu machen. Schnell, aber niemals auf Kosten der Qualit\u00e4t.<\/p>\n              <h3>\n                Schnell<br \/>\n&#038; sorgf\u00e4ltig<br \/>\n              <\/h3>\n              <p>Ohne zu perfektionistisch zu sein, m\u00f6chten wir die Qualit\u00e4t jeder Pflanze garantieren k\u00f6nnen. Mit unseren Fachleuten, modernen Maschinen und einer guten Portion Leidenschaft.<\/p>\n              <h3>\n                Freundlich<br \/>\n&#038; fachkundig<br \/>\n              <\/h3>\n              <p>Raum f\u00fcr Gespr\u00e4che. GP Powerplants glaubt an Pflanzen- und Kundenfreundlichkeit. Indem wir mehr auf unsere Umgebung achten und weniger auf die Uhr schauen. Aus Freude entstehen die sch\u00f6nsten Dinge!<\/p>\n        <!-- Info -->\n          <p>Sortiment<\/p>\n          <h2>Bestellen Sie online<\/h2>\n          <p>Unsere Pflanzen zeichnen sich durch hohe Haltbarkeit, ihren nat\u00fcrlichen Charakter und enormen Zierwert aus.<\/p>\n          <p><a href=\"\/de\/sortiment\/\">Zum Sortiment<\/a><\/p>\n        <!-- Card 1 -->\n              <img decoding=\"async\" src=\"https:\/\/gppowerplants.nl\/wp-content\/uploads\/2024\/05\/Gp-powerplants-planten.jpg\" alt=\"\"\/>\n              <p>Pflanzen<\/p>\n              <h3>Unsere Pflanzen brauchen sich nicht zu verstecken.<\/h3>\n              <p>Tagt\u00e4glich arbeiten wir daran, dass Pflanzen mit sehr starker Genetik wachsen und gedeihen. Diese Lebenskraft zeigt sich in gro\u00dfen Bl\u00fcten und fr\u00f6hlichen Farben. Unsere Pflanzen zeichnen sich durch hohe Haltbarkeit, ihren nat\u00fcrlichen Charakter und enormen Zierwert aus.<\/p>\n            <p>Unverbl\u00fcmt<\/p>\n            <h3>Pflanzen<\/h3>\n        <!-- Card 2 -->\n              <img decoding=\"async\" src=\"https:\/\/gppowerplants.nl\/wp-content\/uploads\/2024\/05\/gp-powerplants-plantaardig.jpg\" alt=\"\"\/>\n              <p>Blument\u00f6pfe<\/p>\n              <h3>Unsere Blument\u00f6pfe sind pflanzlich.<\/h3>\n              <p>Unsere Pflanzen werden in sehr umweltfreundlichen T\u00f6pfen ausgeliefert. Sie bestehen zu \u00fcber 80 % aus wiederverwertbarem Material ohne Spuren von Schadstoffen. Alle unsere Blument\u00f6pfe sind in der ruhigen Farbe Taupe gehalten und alle Pflanzen besitzen einen Pflanzenpass.<\/p>\n            <p>Pflanzliche<\/p>\n            <h3>Blument\u00f6pfe<\/h3>\n        <!-- Card 3 -->\n              <img decoding=\"async\" src=\"https:\/\/gppowerplants.nl\/wp-content\/uploads\/2024\/05\/Gp-powerplants-hoezen.jpg\" alt=\"\"\/>\n              <p>Verpackungen<\/p>\n              <h3>Unsere Verpackungen decken die komplette Pflanze ab.<\/h3>\n              <p>Unsere Verpackungen haben &#8211; genau wie wir selbst &#8211; eine freundliche und fr\u00f6hliche Ausstrahlung. Unsere Goodie-Verpackungen haben eine Topfgr\u00f6\u00dfe von 10,5 cm und unsere Happiness-Verpackungen sind 12 cm gro\u00df. Auch unsere Verpackungen sind umweltfreundlich und sehen ordentlich und gepflegt aus. Alles f\u00fcr gesunde Pflanzen und zufriedene Kunden.<\/p>\n            <p>Pflanzenabdeckende<\/p>\n            <h3>Verpackungen<\/h3>\n\n","protected":false},"excerpt":{"rendered":"<p>Vision &#038; Mission Auge f\u00fcr die Pflanze, Auge f\u00fcr den Kunden. Was passiert, wenn man sich hundertprozentig auf die Qualit\u00e4t der Pflanzen und die W\u00fcnsche des Kunden konzentriert?In der Pflanzenzucht sehen wir, dass Exporteure und G\u00e4rtnereien sich vor allem auf einen marktgerechten Preis konzentrieren. Viele G\u00e4rtnereien setzen daher nicht nur auf Fachleute mit Sachverstand, sondern [&hellip;]<\/p>\n","protected":false},"author":3,"featured_media":0,"parent":0,"menu_order":0,"comment_status":"closed","ping_status":"closed","template":"","meta":{"_acf_changed":false,"inline_featured_image":false,"footnotes":""},"class_list":["post-271","page","type-page","status-publish","hentry"],"acf":[],"yoast_head":"<!-- This site is optimized with the Yoast SEO plugin v22.7 - https:\/\/yoast.com\/wordpress\/plugins\/seo\/ -->\n<title>Uber Uns - GP Powerplants<\/title>\n<meta name=\"description\" content=\"Lernen Sie unsere Vision und Mission kennen und erfahren Sie mehr \u00fcber unsere Leidenschaft f\u00fcr Pflanzen.\" \/>\n<meta name=\"robots\" content=\"index, follow, max-snippet:-1, max-image-preview:large, max-video-preview:-1\" \/>\n<link rel=\"canonical\" href=\"https:\/\/gppowerplants.nl\/de\/ueber-uns\/\" \/>\n<meta property=\"og:locale\" content=\"de_DE\" \/>\n<meta property=\"og:type\" content=\"article\" \/>\n<meta property=\"og:title\" content=\"Uber Uns - GP Powerplants\" \/>\n<meta property=\"og:description\" content=\"Lernen Sie unsere Vision und Mission kennen und erfahren Sie mehr \u00fcber unsere Leidenschaft f\u00fcr Pflanzen.\" \/>\n<meta property=\"og:url\" content=\"https:\/\/gppowerplants.nl\/de\/ueber-uns\/\" \/>\n<meta property=\"og:site_name\" content=\"GP Powerplants\" \/>\n<meta property=\"article:modified_time\" content=\"2024-06-21T09:33:31+00:00\" \/>\n<meta property=\"og:image\" content=\"https:\/\/gppowerplants.nl\/wp-content\/uploads\/2024\/05\/gp-powerplants.png\" \/>\n<meta name=\"twitter:card\" content=\"summary_large_image\" \/>\n<meta name=\"twitter:label1\" content=\"Gesch\u00e4tzte Lesezeit\" \/>\n\t<meta name=\"twitter:data1\" content=\"6\u00a0Minuten\" \/>\n<script type=\"application\/ld+json\" class=\"yoast-schema-graph\">{\"@context\":\"https:\/\/schema.org\",\"@graph\":[{\"@type\":\"WebPage\",\"@id\":\"https:\/\/gppowerplants.nl\/de\/ueber-uns\/\",\"url\":\"https:\/\/gppowerplants.nl\/de\/ueber-uns\/\",\"name\":\"Uber Uns - GP Powerplants\",\"isPartOf\":{\"@id\":\"https:\/\/gppowerplants.nl\/de\/#website\"},\"primaryImageOfPage\":{\"@id\":\"https:\/\/gppowerplants.nl\/de\/ueber-uns\/#primaryimage\"},\"image\":{\"@id\":\"https:\/\/gppowerplants.nl\/de\/ueber-uns\/#primaryimage\"},\"thumbnailUrl\":\"https:\/\/gppowerplants.nl\/wp-content\/uploads\/2024\/05\/gp-powerplants.png\",\"datePublished\":\"2024-04-10T12:30:38+00:00\",\"dateModified\":\"2024-06-21T09:33:31+00:00\",\"description\":\"Lernen Sie unsere Vision und Mission kennen und erfahren Sie mehr \u00fcber unsere Leidenschaft f\u00fcr Pflanzen.\",\"breadcrumb\":{\"@id\":\"https:\/\/gppowerplants.nl\/de\/ueber-uns\/#breadcrumb\"},\"inLanguage\":\"de\",\"potentialAction\":[{\"@type\":\"ReadAction\",\"target\":[\"https:\/\/gppowerplants.nl\/de\/ueber-uns\/\"]}]},{\"@type\":\"ImageObject\",\"inLanguage\":\"de\",\"@id\":\"https:\/\/gppowerplants.nl\/de\/ueber-uns\/#primaryimage\",\"url\":\"https:\/\/gppowerplants.nl\/wp-content\/uploads\/2024\/05\/gp-powerplants.png\",\"contentUrl\":\"https:\/\/gppowerplants.nl\/wp-content\/uploads\/2024\/05\/gp-powerplants.png\"},{\"@type\":\"BreadcrumbList\",\"@id\":\"https:\/\/gppowerplants.nl\/de\/ueber-uns\/#breadcrumb\",\"itemListElement\":[{\"@type\":\"ListItem\",\"position\":1,\"name\":\"Home\",\"item\":\"https:\/\/gppowerplants.nl\/de\/\"},{\"@type\":\"ListItem\",\"position\":2,\"name\":\"\u00fcber uns\"}]},{\"@type\":\"WebSite\",\"@id\":\"https:\/\/gppowerplants.nl\/de\/#website\",\"url\":\"https:\/\/gppowerplants.nl\/de\/\",\"name\":\"GP Powerplants\",\"description\":\"\",\"potentialAction\":[{\"@type\":\"SearchAction\",\"target\":{\"@type\":\"EntryPoint\",\"urlTemplate\":\"https:\/\/gppowerplants.nl\/de\/?s={search_term_string}\"},\"query-input\":\"required name=search_term_string\"}],\"inLanguage\":\"de\"}]}<\/script>\n<!-- \/ Yoast SEO plugin. -->","yoast_head_json":{"title":"Uber Uns - GP Powerplants","description":"Lernen Sie unsere Vision und Mission kennen und erfahren Sie mehr \u00fcber unsere Leidenschaft f\u00fcr Pflanzen.","robots":{"index":"index","follow":"follow","max-snippet":"max-snippet:-1","max-image-preview":"max-image-preview:large","max-video-preview":"max-video-preview:-1"},"canonical":"https:\/\/gppowerplants.nl\/de\/ueber-uns\/","og_locale":"de_DE","og_type":"article","og_title":"Uber Uns - GP Powerplants","og_description":"Lernen Sie unsere Vision und Mission kennen und erfahren Sie mehr \u00fcber unsere Leidenschaft f\u00fcr Pflanzen.","og_url":"https:\/\/gppowerplants.nl\/de\/ueber-uns\/","og_site_name":"GP Powerplants","article_modified_time":"2024-06-21T09:33:31+00:00","og_image":[{"url":"https:\/\/gppowerplants.nl\/wp-content\/uploads\/2024\/05\/gp-powerplants.png"}],"twitter_card":"summary_large_image","twitter_misc":{"Gesch\u00e4tzte Lesezeit":"6\u00a0Minuten"},"schema":{"@context":"https:\/\/schema.org","@graph":[{"@type":"WebPage","@id":"https:\/\/gppowerplants.nl\/de\/ueber-uns\/","url":"https:\/\/gppowerplants.nl\/de\/ueber-uns\/","name":"Uber Uns - GP Powerplants","isPartOf":{"@id":"https:\/\/gppowerplants.nl\/de\/#website"},"primaryImageOfPage":{"@id":"https:\/\/gppowerplants.nl\/de\/ueber-uns\/#primaryimage"},"image":{"@id":"https:\/\/gppowerplants.nl\/de\/ueber-uns\/#primaryimage"},"thumbnailUrl":"https:\/\/gppowerplants.nl\/wp-content\/uploads\/2024\/05\/gp-powerplants.png","datePublished":"2024-04-10T12:30:38+00:00","dateModified":"2024-06-21T09:33:31+00:00","description":"Lernen Sie unsere Vision und Mission kennen und erfahren Sie mehr \u00fcber unsere Leidenschaft f\u00fcr Pflanzen.","breadcrumb":{"@id":"https:\/\/gppowerplants.nl\/de\/ueber-uns\/#breadcrumb"},"inLanguage":"de","potentialAction":[{"@type":"ReadAction","target":["https:\/\/gppowerplants.nl\/de\/ueber-uns\/"]}]},{"@type":"ImageObject","inLanguage":"de","@id":"https:\/\/gppowerplants.nl\/de\/ueber-uns\/#primaryimage","url":"https:\/\/gppowerplants.nl\/wp-content\/uploads\/2024\/05\/gp-powerplants.png","contentUrl":"https:\/\/gppowerplants.nl\/wp-content\/uploads\/2024\/05\/gp-powerplants.png"},{"@type":"BreadcrumbList","@id":"https:\/\/gppowerplants.nl\/de\/ueber-uns\/#breadcrumb","itemListElement":[{"@type":"ListItem","position":1,"name":"Home","item":"https:\/\/gppowerplants.nl\/de\/"},{"@type":"ListItem","position":2,"name":"\u00fcber uns"}]},{"@type":"WebSite","@id":"https:\/\/gppowerplants.nl\/de\/#website","url":"https:\/\/gppowerplants.nl\/de\/","name":"GP Powerplants","description":"","potentialAction":[{"@type":"SearchAction","target":{"@type":"EntryPoint","urlTemplate":"https:\/\/gppowerplants.nl\/de\/?s={search_term_string}"},"query-input":"required name=search_term_string"}],"inLanguage":"de"}]}},"_links":{"self":[{"href":"https:\/\/gppowerplants.nl\/de\/wp-json\/wp\/v2\/pages\/271","targetHints":{"allow":["GET"]}}],"collection":[{"href":"https:\/\/gppowerplants.nl\/de\/wp-json\/wp\/v2\/pages"}],"about":[{"href":"https:\/\/gppowerplants.nl\/de\/wp-json\/wp\/v2\/types\/page"}],"author":[{"embeddable":true,"href":"https:\/\/gppowerplants.nl\/de\/wp-json\/wp\/v2\/users\/3"}],"replies":[{"embeddable":true,"href":"https:\/\/gppowerplants.nl\/de\/wp-json\/wp\/v2\/comments?post=271"}],"version-history":[{"count":2,"href":"https:\/\/gppowerplants.nl\/de\/wp-json\/wp\/v2\/pages\/271\/revisions"}],"predecessor-version":[{"id":291,"href":"https:\/\/gppowerplants.nl\/de\/wp-json\/wp\/v2\/pages\/271\/revisions\/291"}],"wp:attachment":[{"href":"https:\/\/gppowerplants.nl\/de\/wp-json\/wp\/v2\/media?parent=271"}],"curies":[{"name":"wp","href":"https:\/\/api.w.org\/{rel}","templated":true}]}}